{"id":2058,"date":"2026-03-23T15:20:14","date_gmt":"2026-03-23T15:20:14","guid":{"rendered":"https:\/\/bryannnorton.com\/?page_id=2058"},"modified":"2026-03-23T15:20:18","modified_gmt":"2026-03-23T15:20:18","slug":"public-writings","status":"publish","type":"page","link":"https:\/\/bryannnorton.com\/?page_id=2058","title":{"rendered":"Public Writings"},"content":{"rendered":"\n<div class=\"wp-block-group alignfull has-global-padding is-layout-constrained wp-container-core-group-is-layout-ebee8dc1 wp-block-group-is-layout-constrained\" style=\"margin-top:0;margin-bottom:0;padding-top:var(--wp--preset--spacing--50);padding-bottom:var(--wp--preset--spacing--50)\">\n<div class=\"wp-block-group has-global-padding is-layout-constrained wp-block-group-is-layout-constrained\">\n<p class=\"is-style-text-subtitle has-large-font-size is-style-text-subtitle--1\">Corpus Dergi <\/p>\n\n\n\n<div class=\"wp-block-media-text is-stacked-on-mobile is-image-fill-element\" style=\"grid-template-columns:44% auto\"><figure class=\"wp-block-media-text__media\"><img loading=\"lazy\" decoding=\"async\" width=\"1024\" height=\"640\" src=\"http:\/\/bryannnorton.com\/wp-content\/uploads\/2024\/04\/image-1.png\" alt=\"\" class=\"wp-image-976 size-full\" style=\"object-position:50% 50%\" srcset=\"https:\/\/bryannnorton.com\/wp-content\/uploads\/2024\/04\/image-1.png 1024w, https:\/\/bryannnorton.com\/wp-content\/uploads\/2024\/04\/image-1-300x188.png 300w, https:\/\/bryannnorton.com\/wp-content\/uploads\/2024\/04\/image-1-768x480.png 768w, https:\/\/bryannnorton.com\/wp-content\/uploads\/2024\/04\/image-1-624x390.png 624w\" sizes=\"auto, (max-width: 1024px) 100vw, 1024px\" \/><\/figure><div class=\"wp-block-media-text__content\">\n<div class=\"wp-block-uagb-advanced-heading uagb-block-f1d04444\"><h4 class=\"uagb-heading-text\"><em><br><\/em><a href=\"https:\/\/corpusdergi.com\/2025\/teknik-ve-zaman\/\" title=\"\">Y\u00f6nlendirme ve Organoloji: Bernard Stiegler\u2019in D\u00fc\u015f\u00fcncesi.<\/a><\/h4><p class=\"uagb-desc-text\">May 1, 2025<\/p><\/div>\n\n\n\n<p class=\"has-small-font-size\">Translation of &#8220;Orientation and Organlogy&#8221; by Bekir Demir.<\/p>\n<\/div><\/div>\n<\/div>\n<\/div>\n\n\n\n<div class=\"wp-block-group alignfull has-global-padding is-layout-constrained wp-container-core-group-is-layout-ebee8dc1 wp-block-group-is-layout-constrained\" style=\"margin-top:0;margin-bottom:0;padding-top:var(--wp--preset--spacing--50);padding-bottom:var(--wp--preset--spacing--50)\">\n<div class=\"wp-block-group has-global-padding is-layout-constrained wp-block-group-is-layout-constrained\">\n<p class=\"is-style-text-subtitle has-large-font-size is-style-text-subtitle--2\">Aeon<\/p>\n\n\n\n<div class=\"wp-block-media-text is-stacked-on-mobile is-image-fill-element\" style=\"grid-template-columns:45% auto\"><figure class=\"wp-block-media-text__media\"><img loading=\"lazy\" decoding=\"async\" width=\"1024\" height=\"590\" src=\"http:\/\/bryannnorton.com\/wp-content\/uploads\/2024\/09\/Screenshot-2024-09-12-at-9.19.57\u202fPM-1024x590.png\" alt=\"\" class=\"wp-image-1115 size-full\" style=\"object-position:34% 42%\" srcset=\"https:\/\/bryannnorton.com\/wp-content\/uploads\/2024\/09\/Screenshot-2024-09-12-at-9.19.57\u202fPM-1024x590.png 1024w, https:\/\/bryannnorton.com\/wp-content\/uploads\/2024\/09\/Screenshot-2024-09-12-at-9.19.57\u202fPM-300x173.png 300w, https:\/\/bryannnorton.com\/wp-content\/uploads\/2024\/09\/Screenshot-2024-09-12-at-9.19.57\u202fPM-768x443.png 768w, https:\/\/bryannnorton.com\/wp-content\/uploads\/2024\/09\/Screenshot-2024-09-12-at-9.19.57\u202fPM-1536x885.png 1536w\" sizes=\"auto, (max-width: 1024px) 100vw, 1024px\" \/><\/figure><div class=\"wp-block-media-text__content\">\n<div class=\"wp-block-group has-global-padding is-layout-constrained wp-block-group-is-layout-constrained\">\n<div class=\"wp-block-uagb-advanced-heading uagb-block-a6aa4751\"><h4 class=\"uagb-heading-text\"><a href=\"https:\/\/aeon.co\/essays\/bernard-stieglers-philosophy-on-how-technology-shapes-our-world\" title=\"\">Orientation and Organology: The Thought of Bernard Stiegler<\/a><\/h4><p class=\"uagb-desc-text\">April 1, 2024<\/p><\/div>\n<\/div>\n<\/div><\/div>\n<\/div>\n<\/div>\n\n\n\n<div class=\"wp-block-group alignfull has-global-padding is-layout-constrained wp-container-core-group-is-layout-ebee8dc1 wp-block-group-is-layout-constrained\" style=\"margin-top:0;margin-bottom:0;padding-top:var(--wp--preset--spacing--50);padding-bottom:var(--wp--preset--spacing--50)\">\n<div class=\"wp-block-group has-global-padding is-layout-constrained wp-block-group-is-layout-constrained\">\n<p class=\"is-style-text-subtitle has-large-font-size is-style-text-subtitle--3\">Brooklyn Rail<\/p>\n\n\n\n<div class=\"wp-block-media-text is-stacked-on-mobile is-image-fill-element\" style=\"grid-template-columns:45% auto\"><figure class=\"wp-block-media-text__media\"><img loading=\"lazy\" decoding=\"async\" width=\"662\" height=\"1024\" src=\"https:\/\/bryannnorton.com\/wp-content\/uploads\/2026\/03\/BRail-662x1024.webp\" alt=\"\" class=\"wp-image-2069 size-full\" style=\"object-position:36% 28%\" srcset=\"https:\/\/bryannnorton.com\/wp-content\/uploads\/2026\/03\/BRail-662x1024.webp 662w, https:\/\/bryannnorton.com\/wp-content\/uploads\/2026\/03\/BRail-194x300.webp 194w, https:\/\/bryannnorton.com\/wp-content\/uploads\/2026\/03\/BRail-768x1188.webp 768w, https:\/\/bryannnorton.com\/wp-content\/uploads\/2026\/03\/BRail.webp 800w\" sizes=\"auto, (max-width: 662px) 100vw, 662px\" \/><\/figure><div class=\"wp-block-media-text__content\">\n<div class=\"wp-block-uagb-advanced-heading uagb-block-2fe224ca is-style-text-subtitle\"><h4 class=\"uagb-heading-text\"><em><br><\/em><br><a href=\"https:\/\/brooklynrail.org\/2023\/10\/art_books\/Jussi-Parikkas-Operational-Images\" title=\"\">Jussi Parikka\u2019s <em>Operational Images: From the Visual to the Invisual<\/em>.<\/a><\/h4><p class=\"uagb-desc-text\">October 2023<\/p><\/div>\n<\/div><\/div>\n<\/div>\n<\/div>\n\n\n\n<div class=\"wp-block-group alignfull has-global-padding is-layout-constrained wp-container-core-group-is-layout-ebee8dc1 wp-block-group-is-layout-constrained\" style=\"margin-top:0;margin-bottom:0;padding-top:var(--wp--preset--spacing--50);padding-bottom:var(--wp--preset--spacing--50)\">\n<div class=\"wp-block-group has-global-padding is-layout-constrained wp-block-group-is-layout-constrained\">\n<p class=\"is-style-text-subtitle has-large-font-size is-style-text-subtitle--4\">Philosophical Salon<\/p>\n\n\n\n<div class=\"wp-block-media-text is-stacked-on-mobile is-image-fill-element\" style=\"grid-template-columns:45% auto\"><figure class=\"wp-block-media-text__media\"><img loading=\"lazy\" decoding=\"async\" width=\"2100\" height=\"998\" src=\"https:\/\/bryannnorton.com\/wp-content\/uploads\/2026\/03\/Screenshot-2026-03-23-at-11.09.16-AM.png\" alt=\"\" class=\"wp-image-2070 size-full\" style=\"object-position:100% 1%\" srcset=\"https:\/\/bryannnorton.com\/wp-content\/uploads\/2026\/03\/Screenshot-2026-03-23-at-11.09.16-AM.png 2100w, https:\/\/bryannnorton.com\/wp-content\/uploads\/2026\/03\/Screenshot-2026-03-23-at-11.09.16-AM-300x143.png 300w, https:\/\/bryannnorton.com\/wp-content\/uploads\/2026\/03\/Screenshot-2026-03-23-at-11.09.16-AM-1024x487.png 1024w, https:\/\/bryannnorton.com\/wp-content\/uploads\/2026\/03\/Screenshot-2026-03-23-at-11.09.16-AM-768x365.png 768w, https:\/\/bryannnorton.com\/wp-content\/uploads\/2026\/03\/Screenshot-2026-03-23-at-11.09.16-AM-1536x730.png 1536w, https:\/\/bryannnorton.com\/wp-content\/uploads\/2026\/03\/Screenshot-2026-03-23-at-11.09.16-AM-2048x973.png 2048w\" sizes=\"auto, (max-width: 2100px) 100vw, 2100px\" \/><\/figure><div class=\"wp-block-media-text__content\">\n<div class=\"wp-block-uagb-advanced-heading uagb-block-2fe224ca is-style-text-subtitle\"><h4 class=\"uagb-heading-text\"><em><br><\/em><br><a href=\"https:\/\/thephilosophicalsalon.com\/dialectics-of-the-anthropocene-hegel-for-the-last-generation\/\" title=\"\">Dialectics of the Anthropocene: Hegel for the Last Generation<\/a><\/h4><p class=\"uagb-desc-text\">June 12, 2023<\/p><\/div>\n<\/div><\/div>\n<\/div>\n<\/div>\n\n\n\n<div class=\"wp-block-group alignfull has-global-padding is-layout-constrained wp-container-core-group-is-layout-ebee8dc1 wp-block-group-is-layout-constrained\" style=\"margin-top:0;margin-bottom:0;padding-top:var(--wp--preset--spacing--50);padding-bottom:var(--wp--preset--spacing--50)\">\n<div class=\"wp-block-group has-global-padding is-layout-constrained wp-block-group-is-layout-constrained\">\n<p class=\"is-style-text-subtitle has-large-font-size is-style-text-subtitle--5\">Los Angeles Review of Books<\/p>\n\n\n\n<div class=\"wp-block-media-text is-stacked-on-mobile is-image-fill-element\" style=\"grid-template-columns:45% auto\"><figure class=\"wp-block-media-text__media\"><img loading=\"lazy\" decoding=\"async\" width=\"324\" height=\"500\" src=\"https:\/\/bryannnorton.com\/wp-content\/uploads\/2026\/03\/https___assets.lareviewofbooks.org_uploads_202203Art-and-Cosmotechnics-2.jpg\" alt=\"\" class=\"wp-image-2071 size-full\" style=\"object-position:36% 12%\" srcset=\"https:\/\/bryannnorton.com\/wp-content\/uploads\/2026\/03\/https___assets.lareviewofbooks.org_uploads_202203Art-and-Cosmotechnics-2.jpg 324w, https:\/\/bryannnorton.com\/wp-content\/uploads\/2026\/03\/https___assets.lareviewofbooks.org_uploads_202203Art-and-Cosmotechnics-2-194x300.jpg 194w\" sizes=\"auto, (max-width: 324px) 100vw, 324px\" \/><\/figure><div class=\"wp-block-media-text__content\">\n<div class=\"wp-block-uagb-advanced-heading uagb-block-2fe224ca is-style-text-subtitle\"><h4 class=\"uagb-heading-text\"><em><br><\/em><br><br><a href=\"https:\/\/lareviewofbooks.org\/article\/technology-after-hegemony-on-yuk-huis-art-and-cosmotechnics\/\" title=\"\">Technology after Hegemony: On Yuk Hui\u2019s <em>Art and Cosmotechnics<\/em>.<\/a><\/h4><p class=\"uagb-desc-text\">April 1, 2022<\/p><\/div>\n<\/div><\/div>\n<\/div>\n<\/div>\n\n\n\n<div class=\"wp-block-group alignfull has-global-padding is-layout-constrained wp-container-core-group-is-layout-ebee8dc1 wp-block-group-is-layout-constrained\" style=\"margin-top:0;margin-bottom:0;padding-top:var(--wp--preset--spacing--50);padding-bottom:var(--wp--preset--spacing--50)\">\n<div class=\"wp-block-group has-global-padding is-layout-constrained wp-block-group-is-layout-constrained\">\n<p class=\"is-style-text-subtitle has-large-font-size is-style-text-subtitle--6\">Los Angeles Review of Books<\/p>\n\n\n\n<div class=\"wp-block-media-text is-stacked-on-mobile is-image-fill-element\" style=\"grid-template-columns:45% auto\"><figure class=\"wp-block-media-text__media\"><img loading=\"lazy\" decoding=\"async\" width=\"1024\" height=\"1024\" src=\"https:\/\/bryannnorton.com\/wp-content\/uploads\/2026\/03\/LARB-1024x1024.jpg\" alt=\"\" class=\"wp-image-2072 size-full\" style=\"object-position:50% 50%\" srcset=\"https:\/\/bryannnorton.com\/wp-content\/uploads\/2026\/03\/LARB-1024x1024.jpg 1024w, https:\/\/bryannnorton.com\/wp-content\/uploads\/2026\/03\/LARB-300x300.jpg 300w, https:\/\/bryannnorton.com\/wp-content\/uploads\/2026\/03\/LARB-150x150.jpg 150w, https:\/\/bryannnorton.com\/wp-content\/uploads\/2026\/03\/LARB-768x768.jpg 768w, https:\/\/bryannnorton.com\/wp-content\/uploads\/2026\/03\/LARB.jpg 1080w\" sizes=\"auto, (max-width: 1024px) 100vw, 1024px\" \/><\/figure><div class=\"wp-block-media-text__content\">\n<div class=\"wp-block-uagb-advanced-heading uagb-block-e28bb6e7 is-style-text-subtitle\"><h4 class=\"uagb-heading-text\"><em><br><\/em><br><br><br><a href=\"https:\/\/lareviewofbooks.org\/article\/melville-and-the-media-a-conversation-with-bernhard-siegert-markus-krajewski-and-harun-maye\/\" title=\"\">Melville and the Media: A Conversation with Bernhard Siegert, Markus Krajewski, and Harun Maye&nbsp;<\/a><\/h4><\/div>\n<\/div><\/div>\n<\/div>\n<\/div>\n","protected":false},"excerpt":{"rendered":"<p>Corpus Dergi Y\u00f6nlendirme ve Organoloji: Bernard Stiegler\u2019in D\u00fc\u015f\u00fcncesi. May 1, 2025 Translation of &#8220;Orientation and Organlogy&#8221; by Bekir Demir. Aeon Orientation and Organology: The Thought of Bernard Stiegler April 1, 2024 Brooklyn Rail Jussi Parikka\u2019s Operational Images: From the Visual to the Invisual. October 2023 Philosophical Salon Dialectics of the Anthropocene: Hegel for the Last [&hellip;]<\/p>\n","protected":false},"author":1,"featured_media":0,"parent":0,"menu_order":0,"comment_status":"closed","ping_status":"closed","template":"","meta":{"om_disable_all_campaigns":false,"_uag_custom_page_level_css":"","_monsterinsights_skip_tracking":false,"_monsterinsights_sitenote_active":false,"_monsterinsights_sitenote_note":"","_monsterinsights_sitenote_category":0,"_uf_show_specific_survey":0,"_uf_disable_surveys":false,"footnotes":""},"class_list":["post-2058","page","type-page","status-publish","hentry"],"aioseo_notices":[],"uagb_featured_image_src":{"full":false,"thumbnail":false,"medium":false,"medium_large":false,"large":false,"1536x1536":false,"2048x2048":false},"uagb_author_info":{"display_name":"bryannnorton@gmail.com","author_link":"https:\/\/bryannnorton.com\/?author=1"},"uagb_comment_info":0,"uagb_excerpt":"Corpus Dergi Y\u00f6nlendirme ve Organoloji: Bernard Stiegler\u2019in D\u00fc\u015f\u00fcncesi. May 1, 2025 Translation of &#8220;Orientation and Organlogy&#8221; by Bekir Demir. Aeon Orientation and Organology: The Thought of Bernard Stiegler April 1, 2024 Brooklyn Rail Jussi Parikka\u2019s Operational Images: From the Visual to the Invisual. October 2023 Philosophical Salon Dialectics of the Anthropocene: Hegel for the Last&hellip;","_links":{"self":[{"href":"https:\/\/bryannnorton.com\/index.php?rest_route=\/wp\/v2\/pages\/2058","targetHints":{"allow":["GET"]}}],"collection":[{"href":"https:\/\/bryannnorton.com\/index.php?rest_route=\/wp\/v2\/pages"}],"about":[{"href":"https:\/\/bryannnorton.com\/index.php?rest_route=\/wp\/v2\/types\/page"}],"author":[{"embeddable":true,"href":"https:\/\/bryannnorton.com\/index.php?rest_route=\/wp\/v2\/users\/1"}],"replies":[{"embeddable":true,"href":"https:\/\/bryannnorton.com\/index.php?rest_route=%2Fwp%2Fv2%2Fcomments&post=2058"}],"version-history":[{"count":7,"href":"https:\/\/bryannnorton.com\/index.php?rest_route=\/wp\/v2\/pages\/2058\/revisions"}],"predecessor-version":[{"id":2075,"href":"https:\/\/bryannnorton.com\/index.php?rest_route=\/wp\/v2\/pages\/2058\/revisions\/2075"}],"wp:attachment":[{"href":"https:\/\/bryannnorton.com\/index.php?rest_route=%2Fwp%2Fv2%2Fmedia&parent=2058"}],"curies":[{"name":"wp","href":"https:\/\/api.w.org\/{rel}","templated":true}]}}